{"id":708,"date":"2023-10-25T15:25:44","date_gmt":"2023-10-25T13:25:44","guid":{"rendered":"https:\/\/rencontrescinemas.eu\/2023\/?page_id=708"},"modified":"2023-11-18T10:08:56","modified_gmt":"2023-11-18T09:08:56","slug":"la-librairie","status":"publish","type":"page","link":"https:\/\/rencontrescinemas.eu\/2023\/la-librairie\/","title":{"rendered":"La Librairie"},"content":{"rendered":"\n<h1 class=\"has-text-color wp-block-heading\" style=\"color:#ebff21\"><span style=\"color:#ebff21\" class=\"has-inline-color\">La Librairie<\/span><\/h1>\n\n\n\n<div class=\"wp-block-image\"><figure class=\"aligncenter size-large is-resized\"><img loading=\"lazy\" decoding=\"async\" src=\"https:\/\/rencontrescinemas.eu\/2023\/wp-content\/uploads\/sites\/6\/2023\/10\/IMG-20221117-WA0001-1024x576.jpg\" alt=\"\" class=\"wp-image-776\" width=\"578\" height=\"324\" srcset=\"https:\/\/rencontrescinemas.eu\/2023\/wp-content\/uploads\/sites\/6\/2023\/10\/IMG-20221117-WA0001-1024x576.jpg 1024w, https:\/\/rencontrescinemas.eu\/2023\/wp-content\/uploads\/sites\/6\/2023\/10\/IMG-20221117-WA0001-300x169.jpg 300w, https:\/\/rencontrescinemas.eu\/2023\/wp-content\/uploads\/sites\/6\/2023\/10\/IMG-20221117-WA0001-768x432.jpg 768w, https:\/\/rencontrescinemas.eu\/2023\/wp-content\/uploads\/sites\/6\/2023\/10\/IMG-20221117-WA0001-1536x864.jpg 1536w, https:\/\/rencontrescinemas.eu\/2023\/wp-content\/uploads\/sites\/6\/2023\/10\/IMG-20221117-WA0001-1200x675.jpg 1200w, https:\/\/rencontrescinemas.eu\/2023\/wp-content\/uploads\/sites\/6\/2023\/10\/IMG-20221117-WA0001-2000x1125.jpg 2000w, https:\/\/rencontrescinemas.eu\/2023\/wp-content\/uploads\/sites\/6\/2023\/10\/IMG-20221117-WA0001-533x300.jpg 533w, https:\/\/rencontrescinemas.eu\/2023\/wp-content\/uploads\/sites\/6\/2023\/10\/IMG-20221117-WA0001-590x330.jpg 590w, https:\/\/rencontrescinemas.eu\/2023\/wp-content\/uploads\/sites\/6\/2023\/10\/IMG-20221117-WA0001-989x556.jpg 989w, https:\/\/rencontrescinemas.eu\/2023\/wp-content\/uploads\/sites\/6\/2023\/10\/IMG-20221117-WA0001-142x80.jpg 142w, https:\/\/rencontrescinemas.eu\/2023\/wp-content\/uploads\/sites\/6\/2023\/10\/IMG-20221117-WA0001.jpg 2016w\" sizes=\"auto, (max-width: 578px) 100vw, 578px\" \/><\/figure><\/div>\n\n\n\n<p><em>Ouverture Samedi 18 novembre \u00e0 10h30, puis tous les jours de 9h30 \u00e0 21h.<\/em><\/p>\n\n\n\n<p><br>En lien avec l\u2019actualit\u00e9 et la programmation du festival, des livres de tous bords et de toutes sortes, des revues de presse \u00e9labor\u00e9es par nos b\u00e9n\u00e9voles et une \u00e9quipe ravie de vous retrouver et de vous aiguiller tout au long du festival.<br>Avant les films, pour vous donner l\u2019envie de voir\u2026 Apr\u00e8s les films, pour vous donner l\u2019envie de lire !<br><em>En partenariat avec la librairie du Ch\u00e2teau.<\/em><\/p>\n\n\n\n<div style=\"height:50px\" aria-hidden=\"true\" class=\"wp-block-spacer\"><\/div>\n\n\n\n<h2 class=\"has-text-align-center wp-block-heading\"><span style=\"color:#ebff21\" class=\"has-inline-color\">Les RDV \u00e0 la librairie<\/span><\/h2>\n\n\n\n<div style=\"height:26px\" aria-hidden=\"true\" class=\"wp-block-spacer\"><\/div>\n\n\n\n<div class=\"wp-block-columns is-layout-flex wp-container-core-columns-is-layout-9d6595d7 wp-block-columns-is-layout-flex\">\n<div class=\"wp-block-column is-layout-flow wp-block-column-is-layout-flow\">\n<p>V<em>endredi 24 novembre &#8211; 22h30<\/em><\/p>\n\n\n\n<p><br>D\u00c9DICACE DE GILLES MENEGALDO<br>Venez rencontrer Gilles Menegaldo entre les deux films de la soir\u00e9e Hammer. <\/p>\n<\/div>\n\n\n\n<div class=\"wp-block-column is-layout-flow wp-block-column-is-layout-flow\">\n<p><em>Samedi 25 novembre &#8211; 14h<\/em> <\/p>\n\n\n\n<p><br>LA SIESTE LITT\u00c9RAIRE<br>La m\u00e9diath\u00e8que Intercommunale Jean Ferrat, vous propose un voyage litt\u00e9raire et musical en compagnie de l&rsquo;\u00e9crivaine anglaise Mary Shelley, bien connue pour son premier roman Frankenstein, en \u00e9cho \u00e0 la soir\u00e9e Monstre.<br>D\u00e9couvrez-la \u00e0 travers une nouvelle \u00e9trange et myst\u00e9rieuse : La jeune fille invisible\u2026 <\/p>\n<\/div>\n\n\n\n<div class=\"wp-block-column is-layout-flow wp-block-column-is-layout-flow\">\n<p><em>Dimanche 26 novembre &#8211; 12h<\/em><\/p>\n\n\n\n<p><br>D\u00c9DICACE \u00c9RIC COURTET<br>Rencontre avec \u00c9ric Courtet autour de l&rsquo;ouvrage \u00ab\u00a0Ils restent\u00a0\u00bb tir\u00e9 de son <a href=\"https:\/\/rencontrescinemas.eu\/2023\/related\/exposition\/\">exposition<\/a>, suivi d\u2019un pot offert. <\/p>\n<\/div>\n<\/div>\n\n\n\n<p><br><\/p>\n","protected":false},"excerpt":{"rendered":"<p>La Librairie Ouverture Samedi 18 novembre \u00e0 10h30, puis tous les jours de 9h30 \u00e0 21h. En lien avec l\u2019actualit\u00e9 et la programmation du festival, des livres de tous bords et de toutes sortes, des revues de presse \u00e9labor\u00e9es par nos b\u00e9n\u00e9voles et une \u00e9quipe ravie de vous retrouver et de vous aiguiller tout au [&hellip;]<\/p>\n","protected":false},"author":6,"featured_media":776,"parent":0,"menu_order":0,"comment_status":"closed","ping_status":"closed","template":"","meta":{"footnotes":""},"class_list":["post-708","page","type-page","status-publish","has-post-thumbnail","hentry"],"yoast_head":"<!-- This site is optimized with the Yoast SEO plugin v17.5 - https:\/\/yoast.com\/wordpress\/plugins\/seo\/ -->\n<title>La Librairie - RCE 23<\/title>\n<meta name=\"robots\" content=\"index, follow, max-snippet:-1, max-image-preview:large, max-video-preview:-1\" \/>\n<link rel=\"canonical\" href=\"https:\/\/rencontrescinemas.eu\/2023\/la-librairie\/\" \/>\n<meta property=\"og:locale\" content=\"fr_FR\" \/>\n<meta property=\"og:type\" content=\"article\" \/>\n<meta property=\"og:title\" content=\"La Librairie - RCE 23\" \/>\n<meta property=\"og:description\" content=\"La Librairie Ouverture Samedi 18 novembre \u00e0 10h30, puis tous les jours de 9h30 \u00e0 21h. En lien avec l\u2019actualit\u00e9 et la programmation du festival, des livres de tous bords et de toutes sortes, des revues de presse \u00e9labor\u00e9es par nos b\u00e9n\u00e9voles et une \u00e9quipe ravie de vous retrouver et de vous aiguiller tout au [&hellip;]\" \/>\n<meta property=\"og:url\" content=\"https:\/\/rencontrescinemas.eu\/2023\/la-librairie\/\" \/>\n<meta property=\"og:site_name\" content=\"RCE 23\" \/>\n<meta property=\"article:modified_time\" content=\"2023-11-18T09:08:56+00:00\" \/>\n<meta property=\"og:image\" content=\"https:\/\/rencontrescinemas.eu\/2023\/wp-content\/uploads\/sites\/6\/2023\/10\/IMG-20221117-WA0001.jpg\" \/>\n\t<meta property=\"og:image:width\" content=\"2016\" \/>\n\t<meta property=\"og:image:height\" content=\"1134\" \/>\n<meta name=\"twitter:card\" content=\"summary_large_image\" \/>\n<meta name=\"twitter:label1\" content=\"Dur\u00e9e de lecture est.\" \/>\n\t<meta name=\"twitter:data1\" content=\"2 minutes\" \/>\n<script type=\"application\/ld+json\" class=\"yoast-schema-graph\">{\"@context\":\"https:\/\/schema.org\",\"@graph\":[{\"@type\":\"WebSite\",\"@id\":\"https:\/\/rencontrescinemas.eu\/2023\/#website\",\"url\":\"https:\/\/rencontrescinemas.eu\/2023\/\",\"name\":\"RCE 23\",\"description\":\"Un site utilisant Les Rencontres des Cin\\u00e9mas d'Europe\",\"potentialAction\":[{\"@type\":\"SearchAction\",\"target\":{\"@type\":\"EntryPoint\",\"urlTemplate\":\"https:\/\/rencontrescinemas.eu\/2023\/?s={search_term_string}\"},\"query-input\":\"required name=search_term_string\"}],\"inLanguage\":\"fr-FR\"},{\"@type\":\"ImageObject\",\"@id\":\"https:\/\/rencontrescinemas.eu\/2023\/la-librairie\/#primaryimage\",\"inLanguage\":\"fr-FR\",\"url\":\"https:\/\/rencontrescinemas.eu\/2023\/wp-content\/uploads\/sites\/6\/2023\/10\/IMG-20221117-WA0001.jpg\",\"contentUrl\":\"https:\/\/rencontrescinemas.eu\/2023\/wp-content\/uploads\/sites\/6\/2023\/10\/IMG-20221117-WA0001.jpg\",\"width\":2016,\"height\":1134},{\"@type\":\"WebPage\",\"@id\":\"https:\/\/rencontrescinemas.eu\/2023\/la-librairie\/#webpage\",\"url\":\"https:\/\/rencontrescinemas.eu\/2023\/la-librairie\/\",\"name\":\"La Librairie - RCE 23\",\"isPartOf\":{\"@id\":\"https:\/\/rencontrescinemas.eu\/2023\/#website\"},\"primaryImageOfPage\":{\"@id\":\"https:\/\/rencontrescinemas.eu\/2023\/la-librairie\/#primaryimage\"},\"datePublished\":\"2023-10-25T13:25:44+00:00\",\"dateModified\":\"2023-11-18T09:08:56+00:00\",\"breadcrumb\":{\"@id\":\"https:\/\/rencontrescinemas.eu\/2023\/la-librairie\/#breadcrumb\"},\"inLanguage\":\"fr-FR\",\"potentialAction\":[{\"@type\":\"ReadAction\",\"target\":[\"https:\/\/rencontrescinemas.eu\/2023\/la-librairie\/\"]}]},{\"@type\":\"BreadcrumbList\",\"@id\":\"https:\/\/rencontrescinemas.eu\/2023\/la-librairie\/#breadcrumb\",\"itemListElement\":[{\"@type\":\"ListItem\",\"position\":1,\"name\":\"Accueil\",\"item\":\"https:\/\/rencontrescinemas.eu\/2023\/\"},{\"@type\":\"ListItem\",\"position\":2,\"name\":\"La Librairie\"}]}]}<\/script>\n<!-- \/ Yoast SEO plugin. -->","yoast_head_json":{"title":"La Librairie - RCE 23","robots":{"index":"index","follow":"follow","max-snippet":"max-snippet:-1","max-image-preview":"max-image-preview:large","max-video-preview":"max-video-preview:-1"},"canonical":"https:\/\/rencontrescinemas.eu\/2023\/la-librairie\/","og_locale":"fr_FR","og_type":"article","og_title":"La Librairie - RCE 23","og_description":"La Librairie Ouverture Samedi 18 novembre \u00e0 10h30, puis tous les jours de 9h30 \u00e0 21h. En lien avec l\u2019actualit\u00e9 et la programmation du festival, des livres de tous bords et de toutes sortes, des revues de presse \u00e9labor\u00e9es par nos b\u00e9n\u00e9voles et une \u00e9quipe ravie de vous retrouver et de vous aiguiller tout au [&hellip;]","og_url":"https:\/\/rencontrescinemas.eu\/2023\/la-librairie\/","og_site_name":"RCE 23","article_modified_time":"2023-11-18T09:08:56+00:00","og_image":[{"width":2016,"height":1134,"url":"https:\/\/rencontrescinemas.eu\/2023\/wp-content\/uploads\/sites\/6\/2023\/10\/IMG-20221117-WA0001.jpg","type":"image\/jpeg"}],"twitter_card":"summary_large_image","twitter_misc":{"Dur\u00e9e de lecture est.":"2 minutes"},"schema":{"@context":"https:\/\/schema.org","@graph":[{"@type":"WebSite","@id":"https:\/\/rencontrescinemas.eu\/2023\/#website","url":"https:\/\/rencontrescinemas.eu\/2023\/","name":"RCE 23","description":"Un site utilisant Les Rencontres des Cin\u00e9mas d'Europe","potentialAction":[{"@type":"SearchAction","target":{"@type":"EntryPoint","urlTemplate":"https:\/\/rencontrescinemas.eu\/2023\/?s={search_term_string}"},"query-input":"required name=search_term_string"}],"inLanguage":"fr-FR"},{"@type":"ImageObject","@id":"https:\/\/rencontrescinemas.eu\/2023\/la-librairie\/#primaryimage","inLanguage":"fr-FR","url":"https:\/\/rencontrescinemas.eu\/2023\/wp-content\/uploads\/sites\/6\/2023\/10\/IMG-20221117-WA0001.jpg","contentUrl":"https:\/\/rencontrescinemas.eu\/2023\/wp-content\/uploads\/sites\/6\/2023\/10\/IMG-20221117-WA0001.jpg","width":2016,"height":1134},{"@type":"WebPage","@id":"https:\/\/rencontrescinemas.eu\/2023\/la-librairie\/#webpage","url":"https:\/\/rencontrescinemas.eu\/2023\/la-librairie\/","name":"La Librairie - RCE 23","isPartOf":{"@id":"https:\/\/rencontrescinemas.eu\/2023\/#website"},"primaryImageOfPage":{"@id":"https:\/\/rencontrescinemas.eu\/2023\/la-librairie\/#primaryimage"},"datePublished":"2023-10-25T13:25:44+00:00","dateModified":"2023-11-18T09:08:56+00:00","breadcrumb":{"@id":"https:\/\/rencontrescinemas.eu\/2023\/la-librairie\/#breadcrumb"},"inLanguage":"fr-FR","potentialAction":[{"@type":"ReadAction","target":["https:\/\/rencontrescinemas.eu\/2023\/la-librairie\/"]}]},{"@type":"BreadcrumbList","@id":"https:\/\/rencontrescinemas.eu\/2023\/la-librairie\/#breadcrumb","itemListElement":[{"@type":"ListItem","position":1,"name":"Accueil","item":"https:\/\/rencontrescinemas.eu\/2023\/"},{"@type":"ListItem","position":2,"name":"La Librairie"}]}]}},"_links":{"self":[{"href":"https:\/\/rencontrescinemas.eu\/2023\/wp-json\/wp\/v2\/pages\/708","targetHints":{"allow":["GET"]}}],"collection":[{"href":"https:\/\/rencontrescinemas.eu\/2023\/wp-json\/wp\/v2\/pages"}],"about":[{"href":"https:\/\/rencontrescinemas.eu\/2023\/wp-json\/wp\/v2\/types\/page"}],"author":[{"embeddable":true,"href":"https:\/\/rencontrescinemas.eu\/2023\/wp-json\/wp\/v2\/users\/6"}],"replies":[{"embeddable":true,"href":"https:\/\/rencontrescinemas.eu\/2023\/wp-json\/wp\/v2\/comments?post=708"}],"version-history":[{"count":23,"href":"https:\/\/rencontrescinemas.eu\/2023\/wp-json\/wp\/v2\/pages\/708\/revisions"}],"predecessor-version":[{"id":1258,"href":"https:\/\/rencontrescinemas.eu\/2023\/wp-json\/wp\/v2\/pages\/708\/revisions\/1258"}],"wp:featuredmedia":[{"embeddable":true,"href":"https:\/\/rencontrescinemas.eu\/2023\/wp-json\/wp\/v2\/media\/776"}],"wp:attachment":[{"href":"https:\/\/rencontrescinemas.eu\/2023\/wp-json\/wp\/v2\/media?parent=708"}],"curies":[{"name":"wp","href":"https:\/\/api.w.org\/{rel}","templated":true}]}}