{"id":1308,"date":"2025-11-07T12:14:21","date_gmt":"2025-11-07T11:14:21","guid":{"rendered":"https:\/\/rencontrescinemas.eu\/2025\/?page_id=1308"},"modified":"2025-11-15T00:24:14","modified_gmt":"2025-11-14T23:24:14","slug":"eco-festival","status":"publish","type":"page","link":"https:\/\/rencontrescinemas.eu\/2025\/page-daccueil\/eco-festival\/","title":{"rendered":"\u00c9co-festival"},"content":{"rendered":"\n<h1 class=\"wp-block-heading\">\u00c9co-Festival<\/h1>\n\n\n\n<p>Le d\u00e9veloppement durable, c\u2019est l\u2019affaire de tous !<br>Les Rencontres sont engag\u00e9es dans une d\u00e9marche d\u2019\u00e9colabellisation qui, \u00e0 terme, validera le soin port\u00e9<br>au d\u00e9veloppement durable \u00e0 tous les niveaux d\u2019organisation de la manifestation.<\/p>\n\n\n\n<p>Cette ann\u00e9e d\u00e9couvrez le guide de <strong>la parfaite \u00e9co-festival attitude<\/strong>, concoct\u00e9 par nos soins !<\/p>\n\n\n\n<div style=\"height:29px\" aria-hidden=\"true\" class=\"wp-block-spacer\"><\/div>\n\n\n\n<div style=\"text-align:center;\"><div style=\"margin:8px 0px 4px;\"><a href=\"https:\/\/www.calameo.com\/books\/00573337759cc4bf0b4cc\" target=\"_blank\">Guide Eco Festival<\/a><\/div><iframe loading=\"lazy\" src=\"\/\/v.calameo.com\/?bkcode=00573337759cc4bf0b4cc&#038;mode=mini\" width=\"480\" height=\"300\" frameborder=\"0\" scrolling=\"no\" allowtransparency allowfullscreen style=\"margin:0 auto;\"><\/iframe><div style=\"margin:4px 0px 8px;\">\n\n\n\n<div style=\"height:49px\" aria-hidden=\"true\" class=\"wp-block-spacer\"><\/div>\n\n\n\n<div class=\"wp-block-buttons is-content-justification-center is-layout-flex wp-container-core-buttons-is-layout-16018d1d wp-block-buttons-is-layout-flex\">\n<div class=\"wp-block-button\"><a class=\"wp-block-button__link has-text-align-center wp-element-button\" href=\"https:\/\/framaforms.org\/quizz-rencontres-des-cinemas-deurope-1761321005\">Faire le QUIZ des Rencontres 2025<\/a><\/div>\n<\/div>\n","protected":false},"excerpt":{"rendered":"<p>\u00c9co-Festival Le d\u00e9veloppement durable, c\u2019est l\u2019affaire de tous !Les Rencontres sont engag\u00e9es dans une d\u00e9marche d\u2019\u00e9colabellisation qui, \u00e0 terme, validera le soin port\u00e9au d\u00e9veloppement durable \u00e0 tous les niveaux d\u2019organisation de la manifestation. Cette ann\u00e9e d\u00e9couvrez le guide de la parfaite \u00e9co-festival attitude, concoct\u00e9 par nos soins ! Guide Eco Festival<\/p>\n","protected":false},"author":6,"featured_media":0,"parent":6,"menu_order":0,"comment_status":"closed","ping_status":"closed","template":"","meta":{"footnotes":""},"class_list":["post-1308","page","type-page","status-publish","hentry"],"yoast_head":"<!-- This site is optimized with the Yoast SEO plugin v17.5 - https:\/\/yoast.com\/wordpress\/plugins\/seo\/ -->\n<meta name=\"robots\" content=\"index, follow, max-snippet:-1, max-image-preview:large, max-video-preview:-1\" \/>\n<link rel=\"canonical\" href=\"https:\/\/rencontrescinemas.eu\/2025\/page-daccueil\/eco-festival\/\" \/>\n<meta property=\"og:locale\" content=\"fr_FR\" \/>\n<meta property=\"og:type\" content=\"article\" \/>\n<meta property=\"og:title\" content=\"\u00c9co-festival - Rencontres des cin\u00e9mas d&#039;Europe 2025\" \/>\n<meta property=\"og:description\" content=\"\u00c9co-Festival Le d\u00e9veloppement durable, c\u2019est l\u2019affaire de tous !Les Rencontres sont engag\u00e9es dans une d\u00e9marche d\u2019\u00e9colabellisation qui, \u00e0 terme, validera le soin port\u00e9au d\u00e9veloppement durable \u00e0 tous les niveaux d\u2019organisation de la manifestation. Cette ann\u00e9e d\u00e9couvrez le guide de la parfaite \u00e9co-festival attitude, concoct\u00e9 par nos soins ! Guide Eco Festival\" \/>\n<meta property=\"og:url\" content=\"https:\/\/rencontrescinemas.eu\/2025\/page-daccueil\/eco-festival\/\" \/>\n<meta property=\"og:site_name\" content=\"Rencontres des cin\u00e9mas d&#039;Europe 2025\" \/>\n<meta property=\"article:modified_time\" content=\"2025-11-14T23:24:14+00:00\" \/>\n<meta name=\"twitter:card\" content=\"summary_large_image\" \/>\n<script type=\"application\/ld+json\" class=\"yoast-schema-graph\">{\"@context\":\"https:\/\/schema.org\",\"@graph\":[{\"@type\":\"WebSite\",\"@id\":\"https:\/\/rencontrescinemas.eu\/2025\/#website\",\"url\":\"https:\/\/rencontrescinemas.eu\/2025\/\",\"name\":\"Rencontres des cin\\u00e9mas d&#039;Europe 2025\",\"description\":\"Un site utilisant Les Rencontres des Cin\\u00e9mas d'Europe\",\"potentialAction\":[{\"@type\":\"SearchAction\",\"target\":{\"@type\":\"EntryPoint\",\"urlTemplate\":\"https:\/\/rencontrescinemas.eu\/2025\/?s={search_term_string}\"},\"query-input\":\"required name=search_term_string\"}],\"inLanguage\":\"fr-FR\"},{\"@type\":\"WebPage\",\"@id\":\"https:\/\/rencontrescinemas.eu\/2025\/page-daccueil\/eco-festival\/#webpage\",\"url\":\"https:\/\/rencontrescinemas.eu\/2025\/page-daccueil\/eco-festival\/\",\"name\":\"\\u00c9co-festival - Rencontres des cin\\u00e9mas d&#039;Europe 2025\",\"isPartOf\":{\"@id\":\"https:\/\/rencontrescinemas.eu\/2025\/#website\"},\"datePublished\":\"2025-11-07T11:14:21+00:00\",\"dateModified\":\"2025-11-14T23:24:14+00:00\",\"breadcrumb\":{\"@id\":\"https:\/\/rencontrescinemas.eu\/2025\/page-daccueil\/eco-festival\/#breadcrumb\"},\"inLanguage\":\"fr-FR\",\"potentialAction\":[{\"@type\":\"ReadAction\",\"target\":[\"https:\/\/rencontrescinemas.eu\/2025\/page-daccueil\/eco-festival\/\"]}]},{\"@type\":\"BreadcrumbList\",\"@id\":\"https:\/\/rencontrescinemas.eu\/2025\/page-daccueil\/eco-festival\/#breadcrumb\",\"itemListElement\":[{\"@type\":\"ListItem\",\"position\":1,\"name\":\"Accueil\",\"item\":\"https:\/\/rencontrescinemas.eu\/2025\/\"},{\"@type\":\"ListItem\",\"position\":2,\"name\":\"Accueil\",\"item\":\"https:\/\/rencontrescinemas.eu\/2025\/\"},{\"@type\":\"ListItem\",\"position\":3,\"name\":\"\\u00c9co-festival\"}]}]}<\/script>\n<!-- \/ Yoast SEO plugin. -->","yoast_head_json":{"robots":{"index":"index","follow":"follow","max-snippet":"max-snippet:-1","max-image-preview":"max-image-preview:large","max-video-preview":"max-video-preview:-1"},"canonical":"https:\/\/rencontrescinemas.eu\/2025\/page-daccueil\/eco-festival\/","og_locale":"fr_FR","og_type":"article","og_title":"\u00c9co-festival - Rencontres des cin\u00e9mas d&#039;Europe 2025","og_description":"\u00c9co-Festival Le d\u00e9veloppement durable, c\u2019est l\u2019affaire de tous !Les Rencontres sont engag\u00e9es dans une d\u00e9marche d\u2019\u00e9colabellisation qui, \u00e0 terme, validera le soin port\u00e9au d\u00e9veloppement durable \u00e0 tous les niveaux d\u2019organisation de la manifestation. Cette ann\u00e9e d\u00e9couvrez le guide de la parfaite \u00e9co-festival attitude, concoct\u00e9 par nos soins ! Guide Eco Festival","og_url":"https:\/\/rencontrescinemas.eu\/2025\/page-daccueil\/eco-festival\/","og_site_name":"Rencontres des cin\u00e9mas d&#039;Europe 2025","article_modified_time":"2025-11-14T23:24:14+00:00","twitter_card":"summary_large_image","schema":{"@context":"https:\/\/schema.org","@graph":[{"@type":"WebSite","@id":"https:\/\/rencontrescinemas.eu\/2025\/#website","url":"https:\/\/rencontrescinemas.eu\/2025\/","name":"Rencontres des cin\u00e9mas d&#039;Europe 2025","description":"Un site utilisant Les Rencontres des Cin\u00e9mas d'Europe","potentialAction":[{"@type":"SearchAction","target":{"@type":"EntryPoint","urlTemplate":"https:\/\/rencontrescinemas.eu\/2025\/?s={search_term_string}"},"query-input":"required name=search_term_string"}],"inLanguage":"fr-FR"},{"@type":"WebPage","@id":"https:\/\/rencontrescinemas.eu\/2025\/page-daccueil\/eco-festival\/#webpage","url":"https:\/\/rencontrescinemas.eu\/2025\/page-daccueil\/eco-festival\/","name":"\u00c9co-festival - Rencontres des cin\u00e9mas d&#039;Europe 2025","isPartOf":{"@id":"https:\/\/rencontrescinemas.eu\/2025\/#website"},"datePublished":"2025-11-07T11:14:21+00:00","dateModified":"2025-11-14T23:24:14+00:00","breadcrumb":{"@id":"https:\/\/rencontrescinemas.eu\/2025\/page-daccueil\/eco-festival\/#breadcrumb"},"inLanguage":"fr-FR","potentialAction":[{"@type":"ReadAction","target":["https:\/\/rencontrescinemas.eu\/2025\/page-daccueil\/eco-festival\/"]}]},{"@type":"BreadcrumbList","@id":"https:\/\/rencontrescinemas.eu\/2025\/page-daccueil\/eco-festival\/#breadcrumb","itemListElement":[{"@type":"ListItem","position":1,"name":"Accueil","item":"https:\/\/rencontrescinemas.eu\/2025\/"},{"@type":"ListItem","position":2,"name":"Accueil","item":"https:\/\/rencontrescinemas.eu\/2025\/"},{"@type":"ListItem","position":3,"name":"\u00c9co-festival"}]}]}},"_links":{"self":[{"href":"https:\/\/rencontrescinemas.eu\/2025\/wp-json\/wp\/v2\/pages\/1308","targetHints":{"allow":["GET"]}}],"collection":[{"href":"https:\/\/rencontrescinemas.eu\/2025\/wp-json\/wp\/v2\/pages"}],"about":[{"href":"https:\/\/rencontrescinemas.eu\/2025\/wp-json\/wp\/v2\/types\/page"}],"author":[{"embeddable":true,"href":"https:\/\/rencontrescinemas.eu\/2025\/wp-json\/wp\/v2\/users\/6"}],"replies":[{"embeddable":true,"href":"https:\/\/rencontrescinemas.eu\/2025\/wp-json\/wp\/v2\/comments?post=1308"}],"version-history":[{"count":17,"href":"https:\/\/rencontrescinemas.eu\/2025\/wp-json\/wp\/v2\/pages\/1308\/revisions"}],"predecessor-version":[{"id":1387,"href":"https:\/\/rencontrescinemas.eu\/2025\/wp-json\/wp\/v2\/pages\/1308\/revisions\/1387"}],"up":[{"embeddable":true,"href":"https:\/\/rencontrescinemas.eu\/2025\/wp-json\/wp\/v2\/pages\/6"}],"wp:attachment":[{"href":"https:\/\/rencontrescinemas.eu\/2025\/wp-json\/wp\/v2\/media?parent=1308"}],"curies":[{"name":"wp","href":"https:\/\/api.w.org\/{rel}","templated":true}]}}