{"id":508,"date":"2025-10-03T12:57:26","date_gmt":"2025-10-03T10:57:26","guid":{"rendered":"https:\/\/rencontrescinemas.eu\/2025\/?page_id=508"},"modified":"2025-10-11T23:34:03","modified_gmt":"2025-10-11T21:34:03","slug":"mentions-legales","status":"publish","type":"page","link":"https:\/\/rencontrescinemas.eu\/2025\/mentions-legales\/","title":{"rendered":"Mentions l\u00e9gales"},"content":{"rendered":"\n<p><strong>\u00c9dition du site<\/strong><\/p>\n\n\n\n<p>En vertu de <a href=\"https:\/\/www.legifrance.gouv.fr\/affichTexte.do?cidTexte=JORFTEXT000000801164#LEGIARTI000042038977\" target=\"_blank\" rel=\"noreferrer noopener\">l&rsquo;article 6 de la loi n\u00b0 2004-575 du 21 juin 2004<\/a> pour la confiance dans l&rsquo;\u00e9conomie num\u00e9rique, il est pr\u00e9cis\u00e9 aux utilisateurs du site internet <a href=\"https:\/\/rencontrescinemas.eu\/\">rencontrescinemas.eu<\/a> l&rsquo;identit\u00e9 des diff\u00e9rents intervenants dans le cadre de sa r\u00e9alisation et de son suivi.<\/p>\n\n\n\n<p><strong>Propri\u00e9taire du site :<\/strong><\/p>\n\n\n\n<p class=\"has-text-align-center\">Association Grand \u00c9cran \u2013 SIREN : 379 738 834 \u2013 RNA : W072000068<\/p>\n\n\n\n<p class=\"has-text-align-center\">Adresse : Maison de l\u2019Image, 9 boulevard de Provence, 07200 Aubenas.<\/p>\n\n\n\n<p class=\"has-text-align-center\">Contact : 04 75 89 04 54.<\/p>\n\n\n\n<h4 class=\"wp-block-heading\"><strong>Directeur de la publication :<\/strong><\/h4>\n\n\n\n<p class=\"has-text-align-center\">S\u00e9bastien Gayet \u2013 Contact : 04 75 89 04 54.<\/p>\n\n\n\n<h4 class=\"wp-block-heading\"><strong>H\u00e9bergeur :<\/strong>&nbsp;<\/h4>\n\n\n\n<p class=\"has-text-align-center\">OVH SAS \u2013 2 rue Kellermann, BP 80157, 59053 Roubaix Cedex 1 \u2013 T\u00e9l\u00e9phone : 1007<\/p>\n\n\n\n<h4 class=\"wp-block-heading\"><strong>Conception :<\/strong><\/h4>\n\n\n\n<p class=\"has-text-align-center\"><a href=\"https:\/\/com-mouv.pro\" target=\"_blank\" rel=\"noreferrer noopener\">com-mouv<\/a><\/p>\n\n\n\n<h4 class=\"wp-block-heading\"><strong>Int\u00e9grateur WordPress :<\/strong><\/h4>\n\n\n\n<p class=\"has-text-align-center\"><a href=\"https:\/\/ostalada.com\" target=\"_blank\" rel=\"noreferrer noopener\">ostalada<\/a><\/p>\n\n\n\n<p><\/p>\n\n\n\n<h2 class=\"wp-block-heading\"><strong>Cr\u00e9dits <\/strong><\/h2>\n\n\n\n<p><\/p>\n\n\n\n<p>Les photos et synopsis des films sont la propri\u00e9t\u00e9 de leurs distributeurs \/ producteurs respectifs, utilis\u00e9 ici \u00e0 titre d\u2019information dans le cadre du droit de citation.<\/p>\n\n\n\n<h2 class=\"wp-block-heading\"><strong>Propri\u00e9t\u00e9 intellectuelle et contrefa\u00e7ons.<\/strong><\/h2>\n\n\n\n<p>L\u2019<strong>association Grand \u00c9cran<\/strong> est propri\u00e9taire des droits de propri\u00e9t\u00e9 intellectuelle et d\u00e9tient les droits d\u2019usage sur tous les \u00e9l\u00e9ments accessibles sur le site internet, notamment les textes, images, graphismes, logos, vid\u00e9os, architecture, ic\u00f4nes et sons.<\/p>\n\n\n\n<p>Toute reproduction, repr\u00e9sentation, modification, publication, adaptation de tout ou partie des \u00e9l\u00e9ments du site, quel que soit le moyen ou le proc\u00e9d\u00e9 utilis\u00e9, est interdite, sauf autorisation \u00e9crite pr\u00e9alable de l\u2019<strong>association Grand \u00c9cran<\/strong>.<\/p>\n\n\n\n<p>Toute exploitation non autoris\u00e9e du site ou de l\u2019un quelconque des \u00e9l\u00e9ments qu\u2019il contient sera consid\u00e9r\u00e9e comme constitutive d\u2019une contrefa\u00e7on et poursuivie conform\u00e9ment aux dispositions des articles <a href=\"https:\/\/www.legifrance.gouv.fr\/affichCodeArticle.do?idArticle=LEGIARTI000032655082&amp;cidTexte=LEGITEXT000006069414&amp;dateTexte=20160605\" target=\"_blank\" rel=\"noreferrer noopener\">L.335-2 et suivants du Code de Propri\u00e9t\u00e9 Intellectuelle<\/a>.<\/p>\n\n\n\n<h2 class=\"wp-block-heading\"><strong>Limitations de responsabilit\u00e9.<\/strong><\/h2>\n\n\n\n<p>L\u2019<strong>association Grand \u00c9cran<\/strong> ne pourra \u00eatre tenu pour responsable des dommages directs et indirects caus\u00e9s au mat\u00e9riel de l\u2019utilisateur, lors de l\u2019acc\u00e8s au site <a href=\"https:\/\/rencontrescinemas.eu\/\">rencontrescinemas.eu<\/a>.<\/p>\n\n\n\n<p>L\u2019<strong>association Grand \u00c9cran<\/strong> d\u00e9cline toute responsabilit\u00e9 quant \u00e0 l\u2019utilisation qui pourrait \u00eatre faite des informations et contenus pr\u00e9sents sur <a href=\"https:\/\/rencontrescinemas.eu\/\">rencontrescinemas.eu<\/a>.<\/p>\n\n\n\n<p>L\u2019<strong>association Grand \u00c9cran<\/strong> s\u2019engage \u00e0 s\u00e9curiser au mieux le site <a href=\"https:\/\/rencontrescinemas.eu\/\">rencontrescinemas.eu<\/a>, cependant sa responsabilit\u00e9 ne pourra \u00eatre mise en cause si des donn\u00e9es ind\u00e9sirables sont import\u00e9es et install\u00e9es sur son site \u00e0 son insu.<\/p>\n\n\n\n<h2 class=\"wp-block-heading\"><strong>Liens hypertextes et cookies<\/strong><\/h2>\n\n\n\n<p>Le site <a href=\"https:\/\/rencontrescinemas.eu\/\">rencontrescinemas.eu<\/a> contient des liens hypertextes vers d\u2019autres sites et d\u00e9gage toute responsabilit\u00e9 \u00e0 propos de ces liens externes ou des liens cr\u00e9\u00e9s par d\u2019autres sites vers <a href=\"https:\/\/rencontrescinemas.eu\/\">rencontrescinemas.eu<\/a>.<\/p>\n\n\n\n<p>La navigation sur le site <a href=\"https:\/\/rencontrescinemas.eu\/\">rencontrescinemas.eu<\/a> n\u2019est pas susceptible de provoquer l\u2019installation de cookie sur l\u2019ordinateur de l\u2019utilisateur.<\/p>\n\n\n\n<p>Un \u00ab\u00a0cookie\u00a0\u00bb est un fichier de petite taille qui enregistre des informations relatives \u00e0 la navigation d\u2019un utilisateur sur un site. Cependant, vous avez la possibilit\u00e9 <strong>d\u2019accepter ou de refuser les cookies<\/strong> en modifiant les param\u00e8tres de votre navigateur. Ainsi, aucun cookie ne sera d\u00e9pos\u00e9 sans votre consentement.<\/p>\n\n\n\n<h2 class=\"wp-block-heading\"><strong>Droit applicable et attribution de juridiction<\/strong><\/h2>\n\n\n\n<p>Tout litige en relation avec l\u2019utilisation du site <a href=\"https:\/\/rencontrescinemas.eu\/\">rencontrescinemas.eu<\/a> est soumis au droit fran\u00e7ais. En dehors des cas o\u00f9 la loi ne le permet pas, il est fait attribution exclusive de juridiction aux tribunaux comp\u00e9tents d\u2019<strong>Aubenas<\/strong>.<\/p>\n","protected":false},"excerpt":{"rendered":"<p>\u00c9dition du site En vertu de l&rsquo;article 6 de la loi n\u00b0 2004-575 du 21 juin 2004 pour la confiance dans l&rsquo;\u00e9conomie num\u00e9rique, il est pr\u00e9cis\u00e9 aux utilisateurs du site internet rencontrescinemas.eu l&rsquo;identit\u00e9 des diff\u00e9rents intervenants dans le cadre de sa r\u00e9alisation et de son suivi. Propri\u00e9taire du site : Association Grand \u00c9cran \u2013 SIREN [&hellip;]<\/p>\n","protected":false},"author":6,"featured_media":0,"parent":0,"menu_order":0,"comment_status":"closed","ping_status":"closed","template":"","meta":{"footnotes":""},"class_list":["post-508","page","type-page","status-publish","hentry"],"yoast_head":"<!-- This site is optimized with the Yoast SEO plugin v17.5 - https:\/\/yoast.com\/wordpress\/plugins\/seo\/ -->\n<meta name=\"robots\" content=\"index, follow, max-snippet:-1, max-image-preview:large, max-video-preview:-1\" \/>\n<link rel=\"canonical\" href=\"https:\/\/rencontrescinemas.eu\/2025\/mentions-legales\/\" \/>\n<meta property=\"og:locale\" content=\"fr_FR\" \/>\n<meta property=\"og:type\" content=\"article\" \/>\n<meta property=\"og:title\" content=\"Mentions l\u00e9gales - Rencontres des cin\u00e9mas d&#039;Europe 2025\" \/>\n<meta property=\"og:description\" content=\"\u00c9dition du site En vertu de l&rsquo;article 6 de la loi n\u00b0 2004-575 du 21 juin 2004 pour la confiance dans l&rsquo;\u00e9conomie num\u00e9rique, il est pr\u00e9cis\u00e9 aux utilisateurs du site internet rencontrescinemas.eu l&rsquo;identit\u00e9 des diff\u00e9rents intervenants dans le cadre de sa r\u00e9alisation et de son suivi. Propri\u00e9taire du site : Association Grand \u00c9cran \u2013 SIREN [&hellip;]\" \/>\n<meta property=\"og:url\" content=\"https:\/\/rencontrescinemas.eu\/2025\/mentions-legales\/\" \/>\n<meta property=\"og:site_name\" content=\"Rencontres des cin\u00e9mas d&#039;Europe 2025\" \/>\n<meta property=\"article:modified_time\" content=\"2025-10-11T21:34:03+00:00\" \/>\n<meta name=\"twitter:card\" content=\"summary_large_image\" \/>\n<meta name=\"twitter:label1\" content=\"Dur\u00e9e de lecture est.\" \/>\n\t<meta name=\"twitter:data1\" content=\"3 minutes\" \/>\n<script type=\"application\/ld+json\" class=\"yoast-schema-graph\">{\"@context\":\"https:\/\/schema.org\",\"@graph\":[{\"@type\":\"WebSite\",\"@id\":\"https:\/\/rencontrescinemas.eu\/2025\/#website\",\"url\":\"https:\/\/rencontrescinemas.eu\/2025\/\",\"name\":\"Rencontres des cin\\u00e9mas d&#039;Europe 2025\",\"description\":\"Un site utilisant Les Rencontres des Cin\\u00e9mas d'Europe\",\"potentialAction\":[{\"@type\":\"SearchAction\",\"target\":{\"@type\":\"EntryPoint\",\"urlTemplate\":\"https:\/\/rencontrescinemas.eu\/2025\/?s={search_term_string}\"},\"query-input\":\"required name=search_term_string\"}],\"inLanguage\":\"fr-FR\"},{\"@type\":\"WebPage\",\"@id\":\"https:\/\/rencontrescinemas.eu\/2025\/mentions-legales\/#webpage\",\"url\":\"https:\/\/rencontrescinemas.eu\/2025\/mentions-legales\/\",\"name\":\"Mentions l\\u00e9gales - Rencontres des cin\\u00e9mas d&#039;Europe 2025\",\"isPartOf\":{\"@id\":\"https:\/\/rencontrescinemas.eu\/2025\/#website\"},\"datePublished\":\"2025-10-03T10:57:26+00:00\",\"dateModified\":\"2025-10-11T21:34:03+00:00\",\"breadcrumb\":{\"@id\":\"https:\/\/rencontrescinemas.eu\/2025\/mentions-legales\/#breadcrumb\"},\"inLanguage\":\"fr-FR\",\"potentialAction\":[{\"@type\":\"ReadAction\",\"target\":[\"https:\/\/rencontrescinemas.eu\/2025\/mentions-legales\/\"]}]},{\"@type\":\"BreadcrumbList\",\"@id\":\"https:\/\/rencontrescinemas.eu\/2025\/mentions-legales\/#breadcrumb\",\"itemListElement\":[{\"@type\":\"ListItem\",\"position\":1,\"name\":\"Accueil\",\"item\":\"https:\/\/rencontrescinemas.eu\/2025\/\"},{\"@type\":\"ListItem\",\"position\":2,\"name\":\"Mentions l\\u00e9gales\"}]}]}<\/script>\n<!-- \/ Yoast SEO plugin. -->","yoast_head_json":{"robots":{"index":"index","follow":"follow","max-snippet":"max-snippet:-1","max-image-preview":"max-image-preview:large","max-video-preview":"max-video-preview:-1"},"canonical":"https:\/\/rencontrescinemas.eu\/2025\/mentions-legales\/","og_locale":"fr_FR","og_type":"article","og_title":"Mentions l\u00e9gales - Rencontres des cin\u00e9mas d&#039;Europe 2025","og_description":"\u00c9dition du site En vertu de l&rsquo;article 6 de la loi n\u00b0 2004-575 du 21 juin 2004 pour la confiance dans l&rsquo;\u00e9conomie num\u00e9rique, il est pr\u00e9cis\u00e9 aux utilisateurs du site internet rencontrescinemas.eu l&rsquo;identit\u00e9 des diff\u00e9rents intervenants dans le cadre de sa r\u00e9alisation et de son suivi. Propri\u00e9taire du site : Association Grand \u00c9cran \u2013 SIREN [&hellip;]","og_url":"https:\/\/rencontrescinemas.eu\/2025\/mentions-legales\/","og_site_name":"Rencontres des cin\u00e9mas d&#039;Europe 2025","article_modified_time":"2025-10-11T21:34:03+00:00","twitter_card":"summary_large_image","twitter_misc":{"Dur\u00e9e de lecture est.":"3 minutes"},"schema":{"@context":"https:\/\/schema.org","@graph":[{"@type":"WebSite","@id":"https:\/\/rencontrescinemas.eu\/2025\/#website","url":"https:\/\/rencontrescinemas.eu\/2025\/","name":"Rencontres des cin\u00e9mas d&#039;Europe 2025","description":"Un site utilisant Les Rencontres des Cin\u00e9mas d'Europe","potentialAction":[{"@type":"SearchAction","target":{"@type":"EntryPoint","urlTemplate":"https:\/\/rencontrescinemas.eu\/2025\/?s={search_term_string}"},"query-input":"required name=search_term_string"}],"inLanguage":"fr-FR"},{"@type":"WebPage","@id":"https:\/\/rencontrescinemas.eu\/2025\/mentions-legales\/#webpage","url":"https:\/\/rencontrescinemas.eu\/2025\/mentions-legales\/","name":"Mentions l\u00e9gales - Rencontres des cin\u00e9mas d&#039;Europe 2025","isPartOf":{"@id":"https:\/\/rencontrescinemas.eu\/2025\/#website"},"datePublished":"2025-10-03T10:57:26+00:00","dateModified":"2025-10-11T21:34:03+00:00","breadcrumb":{"@id":"https:\/\/rencontrescinemas.eu\/2025\/mentions-legales\/#breadcrumb"},"inLanguage":"fr-FR","potentialAction":[{"@type":"ReadAction","target":["https:\/\/rencontrescinemas.eu\/2025\/mentions-legales\/"]}]},{"@type":"BreadcrumbList","@id":"https:\/\/rencontrescinemas.eu\/2025\/mentions-legales\/#breadcrumb","itemListElement":[{"@type":"ListItem","position":1,"name":"Accueil","item":"https:\/\/rencontrescinemas.eu\/2025\/"},{"@type":"ListItem","position":2,"name":"Mentions l\u00e9gales"}]}]}},"_links":{"self":[{"href":"https:\/\/rencontrescinemas.eu\/2025\/wp-json\/wp\/v2\/pages\/508","targetHints":{"allow":["GET"]}}],"collection":[{"href":"https:\/\/rencontrescinemas.eu\/2025\/wp-json\/wp\/v2\/pages"}],"about":[{"href":"https:\/\/rencontrescinemas.eu\/2025\/wp-json\/wp\/v2\/types\/page"}],"author":[{"embeddable":true,"href":"https:\/\/rencontrescinemas.eu\/2025\/wp-json\/wp\/v2\/users\/6"}],"replies":[{"embeddable":true,"href":"https:\/\/rencontrescinemas.eu\/2025\/wp-json\/wp\/v2\/comments?post=508"}],"version-history":[{"count":1,"href":"https:\/\/rencontrescinemas.eu\/2025\/wp-json\/wp\/v2\/pages\/508\/revisions"}],"predecessor-version":[{"id":509,"href":"https:\/\/rencontrescinemas.eu\/2025\/wp-json\/wp\/v2\/pages\/508\/revisions\/509"}],"wp:attachment":[{"href":"https:\/\/rencontrescinemas.eu\/2025\/wp-json\/wp\/v2\/media?parent=508"}],"curies":[{"name":"wp","href":"https:\/\/api.w.org\/{rel}","templated":true}]}}